{"id":453,"date":"2024-02-15T13:00:02","date_gmt":"2024-02-15T12:00:02","guid":{"rendered":"https:\/\/lecapdepoupi.fr\/?page_id=453"},"modified":"2024-02-15T13:02:41","modified_gmt":"2024-02-15T12:02:41","slug":"garantie-diplome-ou-rembourse","status":"publish","type":"page","link":"https:\/\/lecapdepoupi.fr\/index.php\/garantie-diplome-ou-rembourse\/","title":{"rendered":"Garantie dipl\u00f4m\u00e9 ou rembours\u00e9"},"content":{"rendered":"<p>[et_pb_section fb_built=&#8221;1&#8243; theme_builder_area=&#8221;post_content&#8221; _builder_version=&#8221;4.24.0&#8243; _module_preset=&#8221;default&#8221;][et_pb_row _builder_version=&#8221;4.24.0&#8243; _module_preset=&#8221;default&#8221; theme_builder_area=&#8221;post_content&#8221;][et_pb_column _builder_version=&#8221;4.24.0&#8243; _module_preset=&#8221;default&#8221; type=&#8221;4_4&#8243; theme_builder_area=&#8221;post_content&#8221;][et_pb_text _builder_version=&#8221;4.24.0&#8243; _module_preset=&#8221;default&#8221; theme_builder_area=&#8221;post_content&#8221; header_font=&#8221;Fredoka||||||||&#8221; header_font_size=&#8221;31px&#8221; header_text_align=&#8221;center&#8221; hover_enabled=&#8221;0&#8243; sticky_enabled=&#8221;0&#8243; background_color=&#8221;#FFFFFF&#8221; custom_margin=&#8221;0px||||false|false&#8221; custom_padding=&#8221;10px||5px||false|false&#8221; border_radii=&#8221;on|4px|4px|4px|4px&#8221; border_color_all=&#8221;#a17fc1&#8243; border_width_all=&#8221;2px&#8221;]<\/p>\n<h1>La garantie Dipl\u00f4m\u00e9 ou rembours\u00e9 de PoupiSchool<\/h1>\n<p>[\/et_pb_text][et_pb_text _builder_version=&#8221;4.24.0&#8243; _module_preset=&#8221;default&#8221; theme_builder_area=&#8221;post_content&#8221; text_font=&#8221;Verdana||||||||&#8221; hover_enabled=&#8221;0&#8243; sticky_enabled=&#8221;0&#8243; text_font_size_last_edited=&#8221;on|phone&#8221; text_font_size_phone=&#8221;13px&#8221;]<\/p>\n<div class=\"p-rich_text_section\">Nous offrons une garantie simple : dipl\u00f4m\u00e9 ou rembours\u00e9 !<br \/>Fort de notre m\u00e9thode p\u00e9dagogique \u00e9prouv\u00e9e et du suivi personnalis\u00e9 que nous assurons \u00e0 chacun de nos \u00e9l\u00e8ves, nous nous engageons \u00e0 rembourser int\u00e9gralement votre formation* si vous n&#8217;obtenez pas votre dipl\u00f4me ou titre apr\u00e8s avoir suivi l&#8217;int\u00e9gralit\u00e9 de notre programme p\u00e9dagogique.<br \/>Le remboursement sera effectu\u00e9 en cas d&#8217;\u00e9chec \u00e0 l&#8217;examen, sous les conditions suivantes :<\/div>\n<ul data-stringify-type=\"unordered-list\" class=\"p-rich_text_list p-rich_text_list__bullet\" data-indent=\"0\" data-border=\"0\">\n<li data-stringify-indent=\"0\" data-stringify-border=\"0\">L&#8217;\u00e9l\u00e8ve doit \u00eatre correctement inscrit(e) \u00e0 PoupiSchool pour la pr\u00e9paration au CAP d&#8217;accompagnant \u00e9ducatif petite enfance<span>\u00a0<\/span><b data-stringify-type=\"bold\">au moment de sa pr\u00e9-inscription \u00e0 l&#8217;examen.<\/b><\/li>\n<li data-stringify-indent=\"0\" data-stringify-border=\"0\">L&#8217;\u00e9l\u00e8ve doit r\u00e9pondre aux crit\u00e8res d&#8217;\u00e9ligibilit\u00e9 pour l&#8217;examen, incluant la<span>\u00a0<\/span><b data-stringify-type=\"bold\">nationalit\u00e9, l&#8217;\u00e2ge et le niveau d&#8217;\u00e9tudes<\/b>.<\/li>\n<li data-stringify-indent=\"0\" data-stringify-border=\"0\">Une<span>\u00a0<\/span><b data-stringify-type=\"bold\">copie du justificatif d&#8217;inscription \u00e0 la session d&#8217;examen<\/b><span>\u00a0<\/span>aupr\u00e8s de l&#8217;acad\u00e9mie doit \u00eatre transmise \u00e0 PoupiSchool.<\/li>\n<li data-stringify-indent=\"0\" data-stringify-border=\"0\">L&#8217;\u00e9l\u00e8ve doit avoir obtenu<span>\u00a0<\/span><b data-stringify-type=\"bold\">plus de 60% \u00e0 tous les quiz d&#8217;auto-\u00e9valuation<\/b><span>\u00a0<\/span>inclus dans les cours.<\/li>\n<li data-stringify-indent=\"0\" data-stringify-border=\"0\">Tous les devoirs inclus dans le parcours de formation<span>\u00a0<\/span><b data-stringify-type=\"bold\">doivent \u00eatre compl\u00e9t\u00e9s avant la premi\u00e8re \u00e9preuve<\/b><span>\u00a0<\/span>de l&#8217;examen.<\/li>\n<li data-stringify-indent=\"0\" data-stringify-border=\"0\">L&#8217;\u00e9chec doit \u00eatre constat\u00e9 apr\u00e8s une<span>\u00a0<\/span><b data-stringify-type=\"bold\">deuxi\u00e8me tentative lors du passage \u00e0 l&#8217;examen<\/b>, et non \u00e0 la premi\u00e8re inscription.<\/li>\n<li data-stringify-indent=\"0\" data-stringify-border=\"0\">L&#8217;\u00e9l\u00e8ve doit refaire tous les examens blancs pour lesquels la premi\u00e8re<span>\u00a0<\/span><b data-stringify-type=\"bold\">note \u00e9tait inf\u00e9rieure \u00e0 10\/20.<\/b><\/li>\n<li data-stringify-indent=\"0\" data-stringify-border=\"0\">L&#8217;\u00e9l\u00e8ve doit avoir effectu\u00e9 la p\u00e9riode de stage obligatoire de 14 semaines pour l&#8217;obtention du dipl\u00f4me.<span>\u00a0<\/span><b data-stringify-type=\"bold\">Le rapport de stage doit \u00eatre transmis \u00e0 PoupiSchool avant le 1er avril<span>\u00a0<\/span><\/b>de l&#8217;ann\u00e9e de l&#8217;examen.<\/li>\n<li data-stringify-indent=\"0\" data-stringify-border=\"0\">PoupiSchool consid\u00e9rera que l&#8217;\u00e9chec de l&#8217;\u00e9l\u00e8ve est av\u00e9r\u00e9 uniquement<span>\u00a0<\/span><b data-stringify-type=\"bold\">\u00e0 la fin de la session de rattrapage<\/b>, qui peut \u00e9ventuellement \u00eatre propos\u00e9e par l&#8217;Acad\u00e9mie en cas de non-pr\u00e9sentation aux \u00e9preuves pour des raisons de force majeure ou en cas d&#8217;insuffisance de la note obtenue initialement.<\/li>\n<li data-stringify-indent=\"0\" data-stringify-border=\"0\">Si l&#8217;\u00e9l\u00e8ve ne se pr\u00e9sente pas aux \u00e9preuves de l&#8217;examen<span>\u00a0<\/span><b data-stringify-type=\"bold\">pour d&#8217;autres raisons que la force majeure<\/b>, PoupiSchool ne proc\u00e9dera pas au remboursement des frais de formation.<\/li>\n<li data-stringify-indent=\"0\" data-stringify-border=\"0\">PoupiSchool n&#8217;effectuera pas de remboursement des frais de formation en cas de disqualification de l&#8217;\u00e9l\u00e8ve<span>\u00a0<\/span><b data-stringify-type=\"bold\">pour tricherie \u00e0 l&#8217;examen.<\/b><\/li>\n<\/ul>\n<p>[\/et_pb_text][et_pb_image src=&#8221;http:\/\/lecapdepoupi.fr\/wp-content\/uploads\/2024\/02\/Icones_site_capdepoupi-2.png&#8221; _builder_version=&#8221;4.24.0&#8243; _module_preset=&#8221;default&#8221; theme_builder_area=&#8221;post_content&#8221; title_text=&#8221;Icones_site_capdepoupi (2)&#8221; align=&#8221;center&#8221; hover_enabled=&#8221;0&#8243; sticky_enabled=&#8221;0&#8243; custom_margin=&#8221;-7px|||||&#8221;][\/et_pb_image][\/et_pb_column][\/et_pb_row][\/et_pb_section]<\/p>\n","protected":false},"excerpt":{"rendered":"<p>La garantie Dipl\u00f4m\u00e9 ou rembours\u00e9 de PoupiSchoolNous offrons une garantie simple : dipl\u00f4m\u00e9 ou rembours\u00e9 !Fort de notre m\u00e9thode p\u00e9dagogique \u00e9prouv\u00e9e et du suivi personnalis\u00e9 que nous assurons \u00e0 chacun de nos \u00e9l\u00e8ves, nous nous engageons \u00e0 rembourser int\u00e9gralement votre formation* si vous n&#8217;obtenez pas votre dipl\u00f4me ou titre apr\u00e8s avoir suivi l&#8217;int\u00e9gralit\u00e9 de notre [&hellip;]<\/p>\n","protected":false},"author":1,"featured_media":0,"parent":0,"menu_order":0,"comment_status":"closed","ping_status":"closed","template":"","meta":{"_et_pb_use_builder":"on","_et_pb_old_content":"","_et_gb_content_width":"","footnotes":""},"class_list":["post-453","page","type-page","status-publish","hentry"],"_links":{"self":[{"href":"https:\/\/lecapdepoupi.fr\/index.php\/wp-json\/wp\/v2\/pages\/453","targetHints":{"allow":["GET"]}}],"collection":[{"href":"https:\/\/lecapdepoupi.fr\/index.php\/wp-json\/wp\/v2\/pages"}],"about":[{"href":"https:\/\/lecapdepoupi.fr\/index.php\/wp-json\/wp\/v2\/types\/page"}],"author":[{"embeddable":true,"href":"https:\/\/lecapdepoupi.fr\/index.php\/wp-json\/wp\/v2\/users\/1"}],"replies":[{"embeddable":true,"href":"https:\/\/lecapdepoupi.fr\/index.php\/wp-json\/wp\/v2\/comments?post=453"}],"version-history":[{"count":5,"href":"https:\/\/lecapdepoupi.fr\/index.php\/wp-json\/wp\/v2\/pages\/453\/revisions"}],"predecessor-version":[{"id":458,"href":"https:\/\/lecapdepoupi.fr\/index.php\/wp-json\/wp\/v2\/pages\/453\/revisions\/458"}],"wp:attachment":[{"href":"https:\/\/lecapdepoupi.fr\/index.php\/wp-json\/wp\/v2\/media?parent=453"}],"curies":[{"name":"wp","href":"https:\/\/api.w.org\/{rel}","templated":true}]}}